{"id":1572,"date":"2019-04-14T19:12:57","date_gmt":"2019-04-14T19:12:57","guid":{"rendered":"http:\/\/13.250.107.18\/?page_id=1572"},"modified":"2025-08-12T14:46:19","modified_gmt":"2025-08-12T12:46:19","slug":"about","status":"publish","type":"page","link":"https:\/\/www.rolfhartge.de\/en\/about\/","title":{"rendered":"About"},"content":{"rendered":"<div id=\"cs-content\" class=\"cs-content\"><\/div><div id=\"x-section-1\" class=\"x-section bg-image\" style=\"margin: 0px;padding: 7.5% 0px; background-image: url(https:\/\/www.rolfhartge.de\/wp-content\/uploads\/2019\/03\/Rolf-Fred-GR500_Option-UC_7251-1920x1280pxl-72dpi-RGB.jpg); background-color: hsl(0, 1%, 14%);\" data-x-element=\"section\" data-x-params=\"{&quot;type&quot;:&quot;image&quot;,&quot;parallax&quot;:false}\"><div id=\"\" class=\"x-container max width\" style=\"margin: 0px auto;padding: 0px;\" ><div  class=\"x-column x-sm x-1-1\" style=\"padding: 0px;opacity: 0; transform: translate(0, 45px); transition-duration: 750ms;\" data-x-element=\"column\" data-x-params=\"{&quot;fade&quot;:true}\" data-fade=\"true\"><h1  class=\"h-custom-headline h1\" ><span>ABOUT <\/span><\/h1><\/div><\/div><\/div><div id=\"x-section-2\" class=\"x-section\" style=\"margin: 0px;padding: 10px 0px; background-color: rgb(38, 38, 38);\" ><div id=\"\" class=\"x-container max width\" style=\"margin: 0px auto;padding: 0px;max-width: 600px;\" ><div  class=\"x-column x-sm x-1-1\" style=\"padding: 30px 10px 10px;\" ><h2  class=\"h-custom-headline h3\" ><span>SMART LUXURY by<\/span><\/h2>[cs_element_image _id=&#8221;9&#8243; ]<div id=\"\" class=\"x-text\" style=\"\" ><p>Innovativer Zusatznutzen &amp; Luxus \u2013 Nicht nur simpler Selbstzweck, sondern sinnvolle Kombination im Interesse der Gesundheit und des Wohlbefindens.<\/p>\n<\/div><\/div><\/div><\/div><div id=\"x-section-3\" class=\"x-section\" style=\"margin: 0px;padding: 0px; background-color: rgb(250, 166, 4);\" ><div id=\"\" class=\"x-container marginless-columns\" style=\"margin: 0px;padding: 0px;\" ><div  class=\"x-column x-sm x-1-1\" style=\"padding: 0px;\" >[cs_element_gap _id=&#8221;14&#8243; ]<\/div><\/div><\/div><div id=\"expertise\" class=\"x-section bg-image\" style=\"margin: 0px;padding: 0%; background-image: url(https:\/\/www.rolfhartge.de\/wp-content\/uploads\/2019\/03\/Rh-GR500C-mauriceetoile-20180329_0062-Detail-front-1920x1280pxl-72dpi-RGB.jpg); background-color: hsl(36, 85%, 52%);\" data-x-element=\"section\" data-x-params=\"{&quot;type&quot;:&quot;image&quot;,&quot;parallax&quot;:false}\"><div id=\"\" class=\"x-container marginless-columns\" style=\"margin: 0px auto;padding: 0px;\" ><div  class=\"x-column x-sm x-1-3\" style=\"padding: 0px; background-color:transparent;\" >&nbsp;<\/div><div  class=\"x-column x-sm x-2-3\" style=\"padding: 7.5%;opacity: 0; transform: translate(45px, 0); transition-duration: 750ms; background-color:hsla(0, 0%, 14%, 0.79);\" data-x-element=\"column\" data-x-params=\"{&quot;fade&quot;:true}\" data-fade=\"true\"><h2  class=\"h-custom-headline h2\" style=\"color: hsl(0, 0%, 100%);\"><span>Die <strong>Expertise<\/strong><\/span><\/h2><h3  class=\"h-custom-headline h4\" style=\"color: rgb(250, 166, 4);\"><span>DAS DESIGN<\/span><\/h3><div id=\"\" class=\"x-text\" style=\"\" ><p>Gem\u00e4\u00df dem Designleitsatz \u201e <em>Form follows Function<\/em> \u201e zeichnen sich Rolfhartge Automobile durch ein sportlich-dynamisches Design aus, das die klare souver\u00e4ne Designsprache der entsprechenden Mercedes-Benz und Maybach Serienmodelle unterstreicht. Aluminiumr\u00e4der in gewichtsoptimiertem Design, sowie dezente optische Komponenten verleihen einem auf der Basis von Mercedes-Benz, bzw. Maybach hergestellten <i>Rolfhartge<\/i> Luxusautomobil ein kraftvoll-distinguiertes Erscheinungsbild.<\/p>\n<\/div><h3  class=\"h-custom-headline h4\" style=\"color: rgb(250, 166, 4);\"><span>DIE GESUNDHEIT UND DAS WELL BEING<\/span><\/h3><div id=\"\" class=\"x-text\" style=\"\" ><p><em>Rolfhartge<\/em> setzt die Fahrzeuginnenr\u00e4ume nicht nur mit Blick auf hochwertigste Materialien in Szene, sondern interpretiert das Wohlf\u00fchlambiente mit innovativen Details, wie effizienter Luftreinigung des Innenraums und Fl\u00fcssig-Glas-Beschichtung zur Reduzierung von Keimen, v\u00f6llig neu. Durch neue und zukunftsorientierte Zusatzaustattung sowohl die Gesundheit als auch das Wohlgef\u00fchl im Fokus.<br \/>\nDas macht Rolfhartge weltweit zum ersten Anbieter, der die Gesundheit in dieser Weise in den Mittelpunkt seiner Ausstattung stellt. Sei es die Beschichtung durch die Fl\u00fcssig-Glas Technik auf Basis nat\u00fcrlicher Mineralien oder der Premium-AIR PURIFIER AELUS CAR, der in Einzelanfertigung hergestellt und auf Wunsch individuell mit Leder, Alcantara oder Canvas bekleidet wird. Stets vereinigt sich kunstfertiges Handwerk und bew\u00e4hrte Technologie, die den hohen Anspr\u00fcchen der Medizin- und Industriestandarts entsprechen, zu einem erstklassigen Produkt mit au\u00dfergew\u00f6hnlichen Eigenschaften \u201eMade in Germany\u201c.<br \/>\nMit der Zunahme der Bedeutung von intelligenten Fahrzeugassistenten und autonomen Fahren, erleben wir eine Z\u00e4sur in der Geschichte des Automobils. Das Fahrzeug wird neben unserer Arbeitsst\u00e4tte und unserem Zuhause, zunehmend zum dritten Lebensraum. Einem Lebensraum, in dem wir auch neue Anspr\u00fcche an Wohlf\u00fchl- und Gesundheitsfaktoren stellen, denn die Gesundheit ist der gr\u00f6\u00dfte Reichtum.<\/p>\n<\/div><h3  class=\"h-custom-headline h4\" style=\"color: rgb(250, 166, 4);\"><span>DER FAHRKOMFORT <\/span><\/h3><div id=\"\" class=\"x-text\" style=\"\" ><p><em>Rolfhartge<\/em> Automobile bieten bestm\u00f6glichen Komfort in jeglicher Hinsicht. Die Aluminiumfelgen werden in einem aufwendigen Flow Forming-Prozess hergestellt. Somit sind sie nicht nur hochfest, sondern auch extrem leicht. In Verbindung mit PIRELLI P ZERO Reifen ist das <em>Rolfhartge<\/em>-Rad circa 3 kg leichter als das vergleichbare Serienrad. Die pro Radsatz eingesparten 12 Kilogramm an rotierender und ungefederter Masse entsprechen dabei physikalisch etwa einer Reduzierung des Fahrzeuggewichtes von 70 Kilogramm. Fahrdynamisch wird durch die Gewichtsreduzierung die Tendenz des Rades zum Springen verringert, wodurch die Bodenhaftung bei Kurvenfahrt und beim Bremsen erh\u00f6ht wird. Dies f\u00fchrt zu sp\u00fcrbar mehr Fahrsicherheit, denn ein Rad in der Luft kann mangels Bodenkontakt weder bremsen, noch Seitenf\u00fchrung bieten. Durch die geringere Neigung des Rades zum Springen und dem damit verbundenen Polterger\u00e4usch wird auch das Fahrger\u00e4usch nennenswert reduziert.<\/p>\n<\/div><h3  class=\"h-custom-headline h4\" ><span><\/span><\/h3><\/div><\/div><\/div><div id=\"x-section-5\" class=\"x-section\" style=\"margin: 0px;padding: 0px; background-color: rgb(250, 166, 4);\" ><div id=\"\" class=\"x-container marginless-columns\" style=\"margin: 0px;padding: 0px;\" ><div  class=\"x-column x-sm x-1-1\" style=\"padding: 0px;\" >[cs_element_gap _id=&#8221;30&#8243; ]<\/div><\/div><\/div><div id=\"history\" class=\"x-section bg-image\" style=\"margin: 0px;padding: 0%; background-image: url(https:\/\/www.rolfhartge.de\/wp-content\/uploads\/2019\/03\/Rolf-Hartge-Rennstart-BMW-RH.jpg); background-color: hsl(36, 85%, 52%);\" data-x-element=\"section\" data-x-params=\"{&quot;type&quot;:&quot;image&quot;,&quot;parallax&quot;:false}\"><div id=\"\" class=\"x-container marginless-columns\" style=\"margin: 0px auto;padding: 0px;\" ><div  class=\"x-column x-sm x-2-3\" style=\"padding: 7.5%;opacity: 0; transform: translate(45px, 0); transition-duration: 750ms; background-color:hsla(0, 0%, 14%, 0.85);\" data-x-element=\"column\" data-x-params=\"{&quot;fade&quot;:true}\" data-fade=\"true\"><h2  class=\"h-custom-headline h2\" style=\"color: hsl(0, 0%, 100%);\"><span>Die <strong>Geschichte<\/strong><\/span><\/h2><h3  class=\"h-custom-headline h4\" ><span>Tradition, Erfahrung, Innovation.<\/span><\/h3><div id=\"\" class=\"x-text\" style=\"\" ><p>\u00dcber 40 Jahre Erfahrung bei der Entwicklung und der Produktion exklusiver Fahrzeuge stehen hinter Rolf Hartge und seinem automobilen Schaffen. Als Unternehmer mit Benzin im Blut kennt er jede Faser seines Metiers, ob als BMW H\u00e4ndler, BMW Tuner, Rennfahrer mit vielen nationalen und internationalen Siegen und Podiums, als Entwicklungspartner vieler Automobilhersteller oder schlie\u00dflich als vom Kraftfahrt Bundesamt anerkannter Hersteller, ist er heute Hersteller von den exklusiven Automobilen, die seinen Namen tragen. Hatten es ihm und seinen Br\u00fcdern in den ersten Jahren zun\u00e4chst Fahrzeuge mit der Niere im Grill angetan, gr\u00fcndete Rolf Hartge Ende der 80er Jahre zusammen mit Bruder Andreas die Carlsson Autotechnik GmbH, in deren Mittelpunkt Fahrzeuge mit dem Stern standen. Carlsson Autotechnik GmbH wurde zu einer weltweit f\u00fchrenden Adresse f\u00fcr Premium-Veredelung, bevor Rolf Hartge das Unternehmen 2007 auf dem H\u00f6hepunkt der Firmenentwicklung ver\u00e4u\u00dferte und sich zur\u00fcckzog. Allerdings zu fr\u00fch, wie sich alsbald herausstellte, und so meldet sich Rolf Hartge mit seiner neuen Veredelungsmarke zur\u00fcck.<\/p>\n<\/div><h3  class=\"h-custom-headline h4\" style=\"color: rgb(250, 166, 4);\"><span>DIE INNOVATION \u2013 Vorreiter und Trendsetter <\/span><\/h3><div id=\"\" class=\"x-text\" style=\"\" ><p>Von Anfang an stand Rolf Hartge f\u00fcr innovative Neuerungen, die wegweisend waren. Der Latentw\u00e4rmespeicher, der den Verbrauch, den Schadstoffaussto\u00df und den Verschlei\u00df des Motors deutlich reduzierte und gleichzeitig die Fahrsicherheit und den Fahrkomfort erh\u00f6hte, wurde bereits 1993 eingef\u00fchrt und wenig sp\u00e4ter in fast allen modernen Automobilen serienm\u00e4\u00dfig eingesetzt. Die C-TRONIC ECO-BOX, das erste und in Eigenentwicklung hergestellte kennfeldgesteuerte Zusatzsteuerger\u00e4t, reduzierte durch erh\u00f6htes Drehmoment und dadurch verbessertem Durchzugsverm\u00f6gen den Verbrauch von Dieselfahrzeugen fahrweiseabh\u00e4ngig um bis zu 20%, viele Jahre bevor Wettbewerber mit sogenanntem \u201eEco-Tuning&#8221; auf den Markt kamen. \u00dcber den automobilen Tellerrand hinausschauend, ging er eine Kooperation mit dem bekannten Modelabel \u201eEtienne Aigner&#8221; ein und kreierte Haut Couture auf R\u00e4dern. Und auch heute ist <em>Rolfhartge<\/em> mit technischen L\u00f6sungen zur Luftreinhaltung und einem hygienischen Oberfl\u00e4chenschutz f\u00fcr Fahrzeuginnenr\u00e4ume wieder Vorreiter. Der Zeit voraus, genie\u00dfen Besitzer eines <em>Rolfhartge<\/em>\u00adAutomobils Vorz\u00fcge und Eigenschaften, die in Serienfahrzeugen auf breiter Basis erst viel sp\u00e4ter Einzug halten.<\/p>\n<\/div><h3  class=\"h-custom-headline h4\" style=\"color: rgb(250, 166, 4);\"><span>DIE BASISMARKE F\u00dcR ROLFHARTGE AUTOMOBILE \u2013 DER ERFINDER DES AUTOMOBILS:<br \/>\nMERCEDES-BENZ<br \/>\n<\/span><\/h3><div id=\"\" class=\"x-text\" style=\"\" ><p>Gibt es eine perfektere Basis f\u00fcr Smarte High-End \u00adIndividualisierungen als Fahrzeuge von Mercedes-Benz oder ein besseres Synonym f\u00fcr \u201eGerman Engineering&#8221;? Wie der Sternekoch nur die allerbesten Zutaten f\u00fcr sein kulinarisches Men\u00fc ausw\u00e4hlt, so setzt Rolfhartge exklusiv auf die schw\u00e4bischen Automobile mit Stern. Damit ist gew\u00e4hrleistet, dass der Kunde ein von <em>Rolfhartge<\/em> individualisiertes Automobil erh\u00e4lt, welches in allen technischen, sicherheitsrelevanten und den Service betreffenden Belangen, h\u00f6chsten Anspr\u00fcchen gen\u00fcgt.<\/p>\n<\/div><h3  class=\"h-custom-headline h4\" ><span>\u00dcber 40 Jahre Erfolg mit exklusiven Automobilen<\/span><\/h3><\/div><div  class=\"x-column x-sm x-1-3\" style=\"padding: 0px; background-color:transparent;\" >&nbsp;<\/div><\/div><\/div>[cs_element_section _id=&#8221;43&#8243; ][cs_element_row _id=&#8221;44&#8243; ][cs_element_column _id=&#8221;45&#8243; ][cs_element_gap _id=&#8221;46&#8243; ][cs_element_content_area _id=&#8221;47&#8243; ][cs_element_gap _id=&#8221;48&#8243; ][\/cs_element_column][\/cs_element_row][\/cs_element_section]<div id=\"philosophy\" class=\"x-section bg-image\" style=\"margin: 0px;padding: 0%; background-image: url(https:\/\/www.rolfhartge.de\/wp-content\/uploads\/2019\/03\/Rolfhartge-Portrait-MauriceEtoile-1920x1280pxl-72dpi-RGB.jpg); background-color: hsl(36, 85%, 52%);\" data-x-element=\"section\" data-x-params=\"{&quot;type&quot;:&quot;image&quot;,&quot;parallax&quot;:false}\"><div id=\"\" class=\"x-container marginless-columns\" style=\"margin: 0px auto;padding: 0px;\" ><div  class=\"x-column x-sm x-1-2\" style=\"padding: 0px; background-color:transparent;\" >&nbsp;<\/div><div  class=\"x-column x-sm x-1-2\" style=\"padding: 7.5%;opacity: 0; transform: translate(45px, 0); transition-duration: 750ms; background-color:hsla(0, 0%, 14%, 0.71);\" data-x-element=\"column\" data-x-params=\"{&quot;fade&quot;:true}\" data-fade=\"true\"><h2  class=\"h-custom-headline h2\" style=\"color: hsl(0, 0%, 100%);\"><span>Die<strong>Philosophie<\/strong><\/span><\/h2><h3  class=\"h-custom-headline h4\" ><span>Bestes aus Bestem <\/span><\/h3><h3  class=\"h-custom-headline h4\" style=\"color: hsl(40, 100%, 50%);\"><span>Ein Leben ohne Individualit\u00e4t ist m\u00f6glich, aber verschwendet.<br \/>\nDabei ist Individualit\u00e4t ebenso wenig Selbstzweck, wie Luxus.<\/span><\/h3><div id=\"\" class=\"x-text\" style=\"\" ><p>F\u00fcr Rolf Hartge ist \u201eEin Leben ohne Individualit\u00e4t m\u00f6glich, aber verschwendet.&#8221; Dabei ist Individualit\u00e4t ebenso wenig Selbstzweck, wie Luxus. Luxusprodukte mit innovativen, zus\u00e4tzlichen Eigenschaften, abgestimmt auf den konkreten Bedarf des Menschen sind das Entwicklungsziel, das Rolf Hartge mit dem Begriff: SMART LUXURY beschreibt. So ist es sein Leitmotiv und das seiner langj\u00e4hrigen Spezialisten, die Erfolge der Vergangenheit mit neuen, innovativen Automobilen und Produkten in die Zukunft zu tragen, sodass Luxus durch innovativen Zusatznutzen zum Wohle des Menschen zu SMART LUXURY wird.<br \/>\nHandgefertigte Produkte sind etwas ganz Besonderes. So ist jedes Rolfhartge Automobil ein Unikat, entworfen und von hervorragenden Designern, Ingenieuren und Kunsthandwerkern, hergestellt f\u00fcr einen ganz bestimmten konkreten Menschen, nach seinen Vorstellungen und W\u00fcnschen. Rolfhartge Automobile, <em>made in Germany<\/em> f\u00fcr Menschen in der ganzen Welt, die an sich ebenso hohe Anspr\u00fcche stellen, wie an die Produkte, mit denen sie sich umgeben und auf deren Eigenschaften und Qualit\u00e4t sie vertrauen.<\/p>\n<\/div><h3  class=\"h-custom-headline h4\" ><span>Individualit\u00e4t und Smart Luxury \u2013 der Kunde steht im Zentrum<\/span><\/h3><\/div><\/div><\/div><div id=\"x-section-8\" class=\"x-section\" style=\"margin: 0px;padding: 0px; background-color: rgb(250, 166, 4);\" ><div id=\"\" class=\"x-container marginless-columns\" style=\"margin: 0px;padding: 0px;\" ><div  class=\"x-column x-sm x-1-1\" style=\"padding: 0px;\" >[cs_element_gap _id=&#8221;61&#8243; ]<\/div><\/div><\/div><div id=\"team\" class=\"x-section bg-image parallax\" style=\"margin: 0px;padding: 10% 0px; background-image: url(https:\/\/www.rolfhartge.de\/wp-content\/uploads\/2018\/11\/Rolf-Fred-GR500_UC_7251-15x10cm-150dpi-RGB.jpg); background-color: rgb(38, 38, 38);\" data-x-element=\"section\" data-x-params=\"{&quot;type&quot;:&quot;image&quot;,&quot;parallax&quot;:true}\"><\/div><div id=\"\" class=\"x-container max width\" style=\"margin: 0px auto;padding: 0px;\" ><\/div><div  class=\"x-column x-sm x-1-1\" style=\"padding: 0px;\" ><\/div><h2  class=\"h-custom-headline h1\" style=\"color: hsl(0, 0%, 100%);\"><span><\/span><\/h2>\n","protected":false},"excerpt":{"rendered":"<p>ABOUT SMART LUXURY by The Rolfhartge brand stands for innovation in technology, design, comfort, health and feel-good factor. At Rolfhartge we call these qualities \u201cSMART LUXURY\u201d, a unique offering that adds customer value over and above the pure driving experience. &nbsp;THE ExpertiseTHE DESIGNWith the age old tenet of \u201cForm follows function\u201d in mind, the sporty and dynamic appearance of Rolfhartge &#8230; <a href=\"https:\/\/www.rolfhartge.de\/en\/about\/\" class=\"more-link\">Read More<\/a><\/p>\n","protected":false},"author":2,"featured_media":0,"parent":0,"menu_order":0,"comment_status":"closed","ping_status":"closed","template":"template-blank-4.php","meta":{"footnotes":""},"class_list":["post-1572","page","type-page","status-publish","hentry","no-post-thumbnail"],"yoast_head":"<!-- This site is optimized with the Yoast SEO plugin v27.4 - https:\/\/yoast.com\/product\/yoast-seo-wordpress\/ -->\n<title>About - ROLFHARTGE<\/title>\n<meta name=\"robots\" content=\"index, follow, max-snippet:-1, max-image-preview:large, max-video-preview:-1\" \/>\n<link rel=\"canonical\" href=\"https:\/\/www.rolfhartge.de\/en\/about\/\" \/>\n<meta property=\"og:locale\" content=\"en_US\" \/>\n<meta property=\"og:type\" content=\"article\" \/>\n<meta property=\"og:title\" content=\"About - ROLFHARTGE\" \/>\n<meta property=\"og:description\" content=\"ABOUT SMART LUXURY by The Rolfhartge brand stands for innovation in technology, design, comfort, health and feel-good factor. At Rolfhartge we call these qualities \u201cSMART LUXURY\u201d, a unique offering that adds customer value over and above the pure driving experience. &nbsp;THE ExpertiseTHE DESIGNWith the age old tenet of \u201cForm follows function\u201d in mind, the sporty and dynamic appearance of Rolfhartge ... Read More\" \/>\n<meta property=\"og:url\" content=\"https:\/\/www.rolfhartge.de\/en\/about\/\" \/>\n<meta property=\"og:site_name\" content=\"ROLFHARTGE\" \/>\n<meta property=\"article:modified_time\" content=\"2025-08-12T12:46:19+00:00\" \/>\n<meta name=\"twitter:card\" content=\"summary_large_image\" \/>\n<meta name=\"twitter:label1\" content=\"Est. reading time\" \/>\n\t<meta name=\"twitter:data1\" content=\"8 minutes\" \/>\n<script type=\"application\/ld+json\" class=\"yoast-schema-graph\">{\"@context\":\"https:\\\/\\\/schema.org\",\"@graph\":[{\"@type\":\"WebPage\",\"@id\":\"https:\\\/\\\/www.rolfhartge.de\\\/en\\\/about\\\/\",\"url\":\"https:\\\/\\\/www.rolfhartge.de\\\/en\\\/about\\\/\",\"name\":\"About - ROLFHARTGE\",\"isPartOf\":{\"@id\":\"https:\\\/\\\/www.rolfhartge.de\\\/#website\"},\"datePublished\":\"2019-04-14T19:12:57+00:00\",\"dateModified\":\"2025-08-12T12:46:19+00:00\",\"breadcrumb\":{\"@id\":\"https:\\\/\\\/www.rolfhartge.de\\\/en\\\/about\\\/#breadcrumb\"},\"inLanguage\":\"en-US\",\"potentialAction\":[{\"@type\":\"ReadAction\",\"target\":[\"https:\\\/\\\/www.rolfhartge.de\\\/en\\\/about\\\/\"]}]},{\"@type\":\"BreadcrumbList\",\"@id\":\"https:\\\/\\\/www.rolfhartge.de\\\/en\\\/about\\\/#breadcrumb\",\"itemListElement\":[{\"@type\":\"ListItem\",\"position\":1,\"name\":\"Startseite\",\"item\":\"https:\\\/\\\/www.rolfhartge.de\\\/en\\\/home\\\/\"},{\"@type\":\"ListItem\",\"position\":2,\"name\":\"About\"}]},{\"@type\":\"WebSite\",\"@id\":\"https:\\\/\\\/www.rolfhartge.de\\\/#website\",\"url\":\"https:\\\/\\\/www.rolfhartge.de\\\/\",\"name\":\"ROLFHARTGE\",\"description\":\"Automotive Consultancy and Realisation\",\"potentialAction\":[{\"@type\":\"SearchAction\",\"target\":{\"@type\":\"EntryPoint\",\"urlTemplate\":\"https:\\\/\\\/www.rolfhartge.de\\\/?s={search_term_string}\"},\"query-input\":{\"@type\":\"PropertyValueSpecification\",\"valueRequired\":true,\"valueName\":\"search_term_string\"}}],\"inLanguage\":\"en-US\"}]}<\/script>\n<!-- \/ Yoast SEO plugin. -->","yoast_head_json":{"title":"About - ROLFHARTGE","robots":{"index":"index","follow":"follow","max-snippet":"max-snippet:-1","max-image-preview":"max-image-preview:large","max-video-preview":"max-video-preview:-1"},"canonical":"https:\/\/www.rolfhartge.de\/en\/about\/","og_locale":"en_US","og_type":"article","og_title":"About - ROLFHARTGE","og_description":"ABOUT SMART LUXURY by The Rolfhartge brand stands for innovation in technology, design, comfort, health and feel-good factor. At Rolfhartge we call these qualities \u201cSMART LUXURY\u201d, a unique offering that adds customer value over and above the pure driving experience. &nbsp;THE ExpertiseTHE DESIGNWith the age old tenet of \u201cForm follows function\u201d in mind, the sporty and dynamic appearance of Rolfhartge ... Read More","og_url":"https:\/\/www.rolfhartge.de\/en\/about\/","og_site_name":"ROLFHARTGE","article_modified_time":"2025-08-12T12:46:19+00:00","twitter_card":"summary_large_image","twitter_misc":{"Est. reading time":"8 minutes"},"schema":{"@context":"https:\/\/schema.org","@graph":[{"@type":"WebPage","@id":"https:\/\/www.rolfhartge.de\/en\/about\/","url":"https:\/\/www.rolfhartge.de\/en\/about\/","name":"About - ROLFHARTGE","isPartOf":{"@id":"https:\/\/www.rolfhartge.de\/#website"},"datePublished":"2019-04-14T19:12:57+00:00","dateModified":"2025-08-12T12:46:19+00:00","breadcrumb":{"@id":"https:\/\/www.rolfhartge.de\/en\/about\/#breadcrumb"},"inLanguage":"en-US","potentialAction":[{"@type":"ReadAction","target":["https:\/\/www.rolfhartge.de\/en\/about\/"]}]},{"@type":"BreadcrumbList","@id":"https:\/\/www.rolfhartge.de\/en\/about\/#breadcrumb","itemListElement":[{"@type":"ListItem","position":1,"name":"Startseite","item":"https:\/\/www.rolfhartge.de\/en\/home\/"},{"@type":"ListItem","position":2,"name":"About"}]},{"@type":"WebSite","@id":"https:\/\/www.rolfhartge.de\/#website","url":"https:\/\/www.rolfhartge.de\/","name":"ROLFHARTGE","description":"Automotive Consultancy and Realisation","potentialAction":[{"@type":"SearchAction","target":{"@type":"EntryPoint","urlTemplate":"https:\/\/www.rolfhartge.de\/?s={search_term_string}"},"query-input":{"@type":"PropertyValueSpecification","valueRequired":true,"valueName":"search_term_string"}}],"inLanguage":"en-US"}]}},"_links":{"self":[{"href":"https:\/\/www.rolfhartge.de\/en\/wp-json\/wp\/v2\/pages\/1572","targetHints":{"allow":["GET"]}}],"collection":[{"href":"https:\/\/www.rolfhartge.de\/en\/wp-json\/wp\/v2\/pages"}],"about":[{"href":"https:\/\/www.rolfhartge.de\/en\/wp-json\/wp\/v2\/types\/page"}],"author":[{"embeddable":true,"href":"https:\/\/www.rolfhartge.de\/en\/wp-json\/wp\/v2\/users\/2"}],"replies":[{"embeddable":true,"href":"https:\/\/www.rolfhartge.de\/en\/wp-json\/wp\/v2\/comments?post=1572"}],"version-history":[{"count":0,"href":"https:\/\/www.rolfhartge.de\/en\/wp-json\/wp\/v2\/pages\/1572\/revisions"}],"wp:attachment":[{"href":"https:\/\/www.rolfhartge.de\/en\/wp-json\/wp\/v2\/media?parent=1572"}],"curies":[{"name":"wp","href":"https:\/\/api.w.org\/{rel}","templated":true}]}}